{"id":7,"date":"2017-11-13T07:47:33","date_gmt":"2017-11-13T07:47:33","guid":{"rendered":"https:\/\/norebro.colabr.io\/demo-uploads\/team-agency\/?page_id=7"},"modified":"2020-05-04T11:16:00","modified_gmt":"2020-05-04T16:16:00","slug":"directorio_internacional_bfl","status":"publish","type":"page","link":"https:\/\/bioscellnuevo.bioscell.cl\/en\/directorio_internacional_bfl\/","title":{"rendered":"International Board Members"},"content":{"rendered":"<div class=\"vc_row wpb_row vc_row-fluid\"><div class=\"wpb_column vc_column_container vc_col-sm-12\"><div class=\"vc_column-inner\"><div class=\"wpb_wrapper\"><div class=\"vc_empty_space\"   style=\"height: 150px\"><span class=\"vc_empty_space_inner\"><\/span><\/div><\/div><\/div><\/div><\/div><div data-vc-full-width=\"true\" data-vc-full-width-init=\"false\" class=\"vc_row wpb_row vc_row-fluid vc_row-o-equal-height vc_row-flex\"><div class=\"wpb_column vc_column_container vc_col-sm-2\"><div class=\"vc_column-inner vc_custom_1503403735929\"><div class=\"wpb_wrapper\"><\/div><\/div><\/div><div class=\"wpb_column vc_column_container vc_col-sm-8\"><div class=\"vc_column-inner\"><div class=\"wpb_wrapper\"><div class=\"norebro-heading-sc heading nor-heading-xs text-center\"\r\n\tid=\"norebro-custom-69e5f82de6d5a\" \r\n\t \r\n\t>\r\n\t\r\n\t\r\n\t\r\n\t<h3 class=\"title\">\r\n\t\tInternational Board Members\t<\/h3>\r\n\r\n\t\r\n\t\t\t<p class=\"subtitle\">\r\n\t\t\tBFL is guided by an international board, integrated by leading medical doctors from USA, M\u00e9xico, England, Italy and Chile. They collaborate sharing new medical and scientific information and also, they supervise that our SOPs are being fulfilled according to international standards. The board make suggestions and advise our team when new or better products are being launched.\t\t<\/p>\r\n\t\t\r\n<\/div><div class=\"vc_empty_space\"   style=\"height: 50px\"><span class=\"vc_empty_space_inner\"><\/span><\/div><div class=\"vc_row wpb_row vc_inner vc_row-fluid vc_row-o-content-top vc_row-flex\"><div class=\"wpb_column vc_column_container vc_col-sm-3\"><div class=\"vc_column-inner\"><div class=\"wpb_wrapper\"><div class=\"norebro-team-member-sc team-member\"\r\n\tid=\"norebro-custom-69e5f82de7650\"\r\n\t\t>\r\n\r\n\t<div class=\"image-wrap\">\r\n\t\t\t\t\t<img decoding=\"async\" src=\"https:\/\/bioscellnuevo.bioscell.cl\/wp-content\/uploads\/2020\/01\/Hal_Martin.jpg\" alt=\"Hal Martin M.D (Dallas, EE. UU.)\">\r\n\t\t\t\t<div class=\"overlay\">\r\n\t\t\t<div class=\"content-center\">\r\n\t\t\t\t<div class=\"wrap\">\r\n\t\t\t\t\t\t\t\t\t\t<div class=\"socialbar small default\">\r\n\t\t\t\t\t\t\t\t\t\t\t\t\t\t\t\t\t\t\t\t\t\t\t\t\t\t\t\t\t\t\t\t\t\t\t\t\t\t\t\t\t\t\t\t\t\t\t\t\t\t\t\t\t<\/div>\r\n\r\n\t\t\t\t\t\t\t\t\t<\/div>\r\n\t\t\t<\/div>\r\n\t\t<\/div>\r\n\t<\/div>\r\n\r\n\t<h3 class=\"title\">Hal Martin M.D (Dallas, EE. UU.)<\/h3>\r\n\t<p class=\"subtitle small uppercase\">Director de Medicina e Investigaci\u00f3n. Centro de Preservaci\u00f3n de Cadera. Centro m\u00e9dico de la Universidad de Baylor. Dallas, Texas.<\/p>\r\n\t\t\t<p class=\"description\">Fellowship: Centro medial de la Universidad de Pittsburg. Pittsburg. PENSILVANIA. Ayudante Profesor Adjunto de Cirug\u00eda Ortop\u00e9dica. Texas A y M College of Medicine.<\/p>\r\n\t\r\n<\/div>\r\n<div class=\"vc_empty_space  vc_hidden-xs\"   style=\"height: 40px\"><span class=\"vc_empty_space_inner\"><\/span><\/div><\/div><\/div><\/div><div class=\"wpb_column vc_column_container vc_col-sm-3\"><div class=\"vc_column-inner\"><div class=\"wpb_wrapper\"><div class=\"norebro-team-member-sc team-member\"\r\n\tid=\"norebro-custom-69e5f82de7c53\"\r\n\t\t>\r\n\r\n\t<div class=\"image-wrap\">\r\n\t\t\t\t\t<img decoding=\"async\" src=\"https:\/\/bioscellnuevo.bioscell.cl\/wp-content\/uploads\/2020\/01\/guanche.jpg\" alt=\"Carlos Guanche (Los Angeles, California, EE.UU)\">\r\n\t\t\t\t<div class=\"overlay\">\r\n\t\t\t<div class=\"content-center\">\r\n\t\t\t\t<div class=\"wrap\">\r\n\t\t\t\t\t\t\t\t\t\t<div class=\"socialbar small default\">\r\n\t\t\t\t\t\t\t\t\t\t\t\t\t\t\t\t\t\t\t\t\t\t\t\t\t\t\t\t\t\t\t\t\t\t\t\t\t\t\t\t\t\t\t\t\t\t\t\t\t\t\t\t\t<\/div>\r\n\r\n\t\t\t\t\t\t\t\t\t<\/div>\r\n\t\t\t<\/div>\r\n\t\t<\/div>\r\n\t<\/div>\r\n\r\n\t<h3 class=\"title\">Carlos Guanche (Los Angeles, California, EE.UU)<\/h3>\r\n\t<p class=\"subtitle small uppercase\">Cirujano Ortop\u00e9dico, experto mundial en artroscopia de cadera y hombro.<\/p>\r\n\t\t\t<p class=\"description\">Posee 25 a\u00f1os de experiencia y es el primer m\u00e9dico en describir y realizar reparaciones de isquiotibiales endosc\u00f3picas con regularidad. Muchos m\u00e9dicos de todo el mundo lo visitan para aprender sus t\u00e9cnicas. Escribi\u00f3 un libro sobre artroscopia de cadera y fue coautor de otro. Ha escrito m\u00e1s de 40 cap\u00edtulos de libros de texto ortop\u00e9dicos y m\u00e1s de 50 art\u00edculos de revistas revisadas por pares.<\/p>\r\n\t\r\n<\/div>\r\n<\/div><\/div><\/div><div class=\"wpb_column vc_column_container vc_col-sm-3\"><div class=\"vc_column-inner\"><div class=\"wpb_wrapper\"><div class=\"norebro-team-member-sc team-member\"\r\n\tid=\"norebro-custom-69e5f82de8105\"\r\n\t\t>\r\n\r\n\t<div class=\"image-wrap\">\r\n\t\t\t\t\t<img decoding=\"async\" src=\"https:\/\/bioscellnuevo.bioscell.cl\/wp-content\/uploads\/2020\/01\/damian_griffin.jpg\" alt=\"Damian Griffin (Warwick, Inglaterra)\">\r\n\t\t\t\t<div class=\"overlay\">\r\n\t\t\t<div class=\"content-center\">\r\n\t\t\t\t<div class=\"wrap\">\r\n\t\t\t\t\t\t\t\t\t\t<div class=\"socialbar small default\">\r\n\t\t\t\t\t\t\t\t\t\t\t\t\t\t\t\t\t\t\t\t\t\t\t\t\t\t\t\t\t\t\t\t\t\t\t\t\t\t\t\t\t\t\t\t\t\t\t\t\t\t\t\t\t<\/div>\r\n\r\n\t\t\t\t\t\t\t\t\t<\/div>\r\n\t\t\t<\/div>\r\n\t\t<\/div>\r\n\t<\/div>\r\n\r\n\t<h3 class=\"title\">Damian Griffin (Warwick, Inglaterra)<\/h3>\r\n\t<p class=\"subtitle small uppercase\">Profesor de Traumatologia y Cirug\u00eda Ortop\u00e9dica en la Universidad de Warwick<\/p>\r\n\t\t\t<p class=\"description\">Se form\u00f3 en Cambridge, Oxford y los Estados Unidos.<\/p>\r\n\t\r\n<\/div>\r\n<div class=\"vc_empty_space\"   style=\"height: 40px\"><span class=\"vc_empty_space_inner\"><\/span><\/div><\/div><\/div><\/div><div class=\"wpb_column vc_column_container vc_col-sm-3\"><div class=\"vc_column-inner\"><div class=\"wpb_wrapper\"><div class=\"norebro-team-member-sc team-member\"\r\n\tid=\"norebro-custom-69e5f82de8761\"\r\n\t\t>\r\n\r\n\t<div class=\"image-wrap\">\r\n\t\t\t\t\t<img decoding=\"async\" src=\"https:\/\/bioscellnuevo.bioscell.cl\/wp-content\/uploads\/2020\/01\/Victor.jpg\" alt=\"Victor Ilizaliturri (Ciudad de M\u00e9xico, Mexico)\">\r\n\t\t\t\t<div class=\"overlay\">\r\n\t\t\t<div class=\"content-center\">\r\n\t\t\t\t<div class=\"wrap\">\r\n\t\t\t\t\t\t\t\t\t\t<div class=\"socialbar small default\">\r\n\t\t\t\t\t\t\t\t\t\t\t\t\t\t\t\t\t\t\t\t\t\t\t\t\t\t\t\t\t\t\t\t\t\t\t\t\t\t\t\t\t\t\t\t\t\t\t\t\t\t\t\t\t<\/div>\r\n\r\n\t\t\t\t\t\t\t\t\t<\/div>\r\n\t\t\t<\/div>\r\n\t\t<\/div>\r\n\t<\/div>\r\n\r\n\t<h3 class=\"title\">Victor Ilizaliturri (Ciudad de M\u00e9xico, Mexico)<\/h3>\r\n\t<p class=\"subtitle small uppercase\">Cirujano ortop\u00e9dico con subespecializaci\u00f3n en cirug\u00eda articular. Profesor Titular del Curso de Cirug\u00eda Articular del Instituto Nacional de Rehabilitaci\u00f3n respaldado por la UNAM (Universidad Nacional Aut\u00f3noma de M\u00e9xico).<\/p>\r\n\t\t\t<p class=\"description\">rofesor asociado en el curso de especializaci\u00f3n en ortopedia del Instituto Nacional de Rehabilitaci\u00f3n respaldado por la UNAM. Experto en cirug\u00eda preservativa de cadera, ex presidente de ISHA (Sociedad Internacional de Artroscopia de Cadera y Cirug\u00eda de preservaci\u00f3n). Autor de numerosos art\u00edculos de investigaci\u00f3n y cap\u00edtulos en libros sobre el campo de la cirug\u00eda preservativa de la cadera.<\/p>\r\n\t\r\n<\/div>\r\n<div class=\"vc_empty_space\"   style=\"height: 40px\"><span class=\"vc_empty_space_inner\"><\/span><\/div><\/div><\/div><\/div><\/div><div class=\"vc_row wpb_row vc_inner vc_row-fluid vc_row-o-equal-height vc_row-flex\"><div class=\"wpb_column vc_column_container vc_col-sm-3\"><div class=\"vc_column-inner\"><div class=\"wpb_wrapper\"><div class=\"norebro-team-member-sc team-member\"\r\n\tid=\"norebro-custom-69e5f82de91b5\"\r\n\t\t>\r\n\r\n\t<div class=\"image-wrap\">\r\n\t\t\t\t\t<img decoding=\"async\" src=\"https:\/\/bioscellnuevo.bioscell.cl\/wp-content\/uploads\/2020\/01\/marc_safran.jpg\" alt=\"Marc Safran (Palo Alto, California, EE. UU.)\">\r\n\t\t\t\t<div class=\"overlay\">\r\n\t\t\t<div class=\"content-center\">\r\n\t\t\t\t<div class=\"wrap\">\r\n\t\t\t\t\t\t\t\t\t\t<div class=\"socialbar small default\">\r\n\t\t\t\t\t\t\t\t\t\t\t\t\t\t\t\t\t\t\t\t\t\t\t\t\t\t\t\t\t\t\t\t\t\t\t\t\t\t\t\t\t\t\t\t\t\t\t\t\t\t\t\t\t<\/div>\r\n\r\n\t\t\t\t\t\t\t\t\t<\/div>\r\n\t\t\t<\/div>\r\n\t\t<\/div>\r\n\t<\/div>\r\n\r\n\t<h3 class=\"title\">Marc Safran (Palo Alto, California, EE. UU.)<\/h3>\r\n\t<p class=\"subtitle small uppercase\">Jefe de Medicina del Deporte Stanford University<\/p>\r\n\t\t\t<p class=\"description\">Jefe de Medicina del Deporte Stanford University<\/p>\r\n\t\r\n<\/div>\r\n<div class=\"vc_empty_space  vc_hidden-xs\"   style=\"height: 40px\"><span class=\"vc_empty_space_inner\"><\/span><\/div><\/div><\/div><\/div><div class=\"wpb_column vc_column_container vc_col-sm-3\"><div class=\"vc_column-inner\"><div class=\"wpb_wrapper\"><div class=\"norebro-team-member-sc team-member\"\r\n\tid=\"norebro-custom-69e5f82de9827\"\r\n\t\t>\r\n\r\n\t<div class=\"image-wrap\">\r\n\t\t\t\t\t<img decoding=\"async\" src=\"https:\/\/bioscellnuevo.bioscell.cl\/wp-content\/uploads\/2020\/01\/genaro.jpg\" alt=\"Genaro Pipino (Bolonia, Italia)\">\r\n\t\t\t\t<div class=\"overlay\">\r\n\t\t\t<div class=\"content-center\">\r\n\t\t\t\t<div class=\"wrap\">\r\n\t\t\t\t\t\t\t\t\t\t<div class=\"socialbar small default\">\r\n\t\t\t\t\t\t\t\t\t\t\t\t\t\t\t\t\t\t\t\t\t\t\t\t\t\t\t\t\t\t\t\t\t\t\t\t\t\t\t\t\t\t\t\t\t\t\t\t\t\t\t\t\t<\/div>\r\n\r\n\t\t\t\t\t\t\t\t\t<\/div>\r\n\t\t\t<\/div>\r\n\t\t<\/div>\r\n\t<\/div>\r\n\r\n\t<h3 class=\"title\">Genaro Pipino (Bolonia, Italia)<\/h3>\r\n\t<p class=\"subtitle small uppercase\">M\u00e9dico cirujano, especialista en ortopedia y traumatolog\u00eda, se gradu\u00f3 en medicina y cirug\u00eda en la Universidad de Bolonia en Italia. Profesor Titular de Cirug\u00eda Ortop\u00e9dica.<\/p>\r\n\t\t\t<p class=\"description\">Director del Polo Didattico Unit\u00e0 Cl\u00ednica e di Ricerca Scientifica en Ortopedia. Facolt\u00e0 di Scienze Mediche. L.U.de.S HEI Malta Campus Lugano. Especializado en ortopedia y traumatolog\u00eda en la Universidad de Bolonia en el Instituto ortop\u00e9dico Rizzoli. Es el director ortop\u00e9dico del Hospital Villa Regina en Bolonia, profesor titular de Cirug\u00eda Ortop\u00e9dica en el Campus Lugano de la UCM de la Universidad de Malta y de la Universidad Semmelweis de Budapest y en el campus de LUDES HEI Malta en Lugano, Suiza. Es especialista en reconstrucci\u00f3n articular y cirug\u00eda deportiva, experto y cient\u00edfico en el trasplante de cart\u00edlago.<\/p>\r\n\t\r\n<\/div>\r\n<\/div><\/div><\/div><div class=\"wpb_column vc_column_container vc_col-sm-3\"><div class=\"vc_column-inner\"><div class=\"wpb_wrapper\"><div class=\"norebro-team-member-sc team-member\"\r\n\tid=\"norebro-custom-69e5f82de9d67\"\r\n\t\t>\r\n\r\n\t<div class=\"image-wrap\">\r\n\t\t\t\t\t<img decoding=\"async\" src=\"https:\/\/bioscellnuevo.bioscell.cl\/wp-content\/uploads\/2020\/01\/joe_mcarthy.jpg\" alt=\"Joe McCarthy (Boston, Massachusetts, EE.UU)\">\r\n\t\t\t\t<div class=\"overlay\">\r\n\t\t\t<div class=\"content-center\">\r\n\t\t\t\t<div class=\"wrap\">\r\n\t\t\t\t\t\t\t\t\t\t<div class=\"socialbar small default\">\r\n\t\t\t\t\t\t\t\t\t\t\t\t\t\t\t\t\t\t\t\t\t\t\t\t\t\t\t\t\t\t\t\t\t\t\t\t\t\t\t\t\t\t\t\t\t\t\t\t\t\t\t\t\t<\/div>\r\n\r\n\t\t\t\t\t\t\t\t\t<\/div>\r\n\t\t\t<\/div>\r\n\t\t<\/div>\r\n\t<\/div>\r\n\r\n\t<h3 class=\"title\">Joe McCarthy (Boston, Massachusetts, EE.UU)<\/h3>\r\n\t<p class=\"subtitle small uppercase\">Profesor de Ortopedia, Universidad de Harvard<\/p>\r\n\t\t\t<p class=\"description\">Profesor de Ortopedia, Universidad de Harvard<\/p>\r\n\t\r\n<\/div>\r\n<div class=\"vc_empty_space\"   style=\"height: 40px\"><span class=\"vc_empty_space_inner\"><\/span><\/div><\/div><\/div><\/div><div class=\"wpb_column vc_column_container vc_col-sm-3\"><div class=\"vc_column-inner\"><div class=\"wpb_wrapper\"><div class=\"norebro-team-member-sc team-member\"\r\n\tid=\"norebro-custom-69e5f82dea303\"\r\n\t\t>\r\n\r\n\t<div class=\"image-wrap\">\r\n\t\t\t\t\t<img decoding=\"async\" src=\"https:\/\/bioscellnuevo.bioscell.cl\/wp-content\/uploads\/2020\/01\/jhonny_huard.jpg\" alt=\"Johnny Huard, Ph.D. (Vail, Colorado, EE.UU)\">\r\n\t\t\t\t<div class=\"overlay\">\r\n\t\t\t<div class=\"content-center\">\r\n\t\t\t\t<div class=\"wrap\">\r\n\t\t\t\t\t\t\t\t\t\t<div class=\"socialbar small default\">\r\n\t\t\t\t\t\t\t\t\t\t\t\t\t\t\t\t\t\t\t\t\t\t\t\t\t\t\t\t\t\t\t\t\t\t\t\t\t\t\t\t\t\t\t\t\t\t\t\t\t\t\t\t\t<\/div>\r\n\r\n\t\t\t\t\t\t\t\t\t<\/div>\r\n\t\t\t<\/div>\r\n\t\t<\/div>\r\n\t<\/div>\r\n\r\n\t<h3 class=\"title\">Johnny Huard, Ph.D. (Vail, Colorado, EE.UU)<\/h3>\r\n\t<p class=\"subtitle small uppercase\">Chief Scientfic Officer (CSO). Director del Centro de Medicina Regenerativa del Deporte.<\/p>\r\n\t\t\t<p class=\"description\">Instituto de Investigaci\u00f3n Steadman Philippon, Vail, CO. Profesor Distinguido y Vicepresidente de Investigaci\u00f3n, Departamento de Cirug\u00eda Orof\u00e1gica, Universidad de Texas Health Science en Houston; McGovern Medical School, Houston, Texas. Director, Centro IMM para Ingenier\u00eda de Tissue y Agong Rsearch.<\/p>\r\n\t\r\n<\/div>\r\n<div class=\"vc_empty_space\"   style=\"height: 40px\"><span class=\"vc_empty_space_inner\"><\/span><\/div><\/div><\/div><\/div><\/div><div class=\"vc_row wpb_row vc_inner vc_row-fluid vc_row-o-equal-height vc_row-flex\"><div class=\"wpb_column vc_column_container vc_col-sm-3\"><div class=\"vc_column-inner\"><div class=\"wpb_wrapper\"><div class=\"norebro-team-member-sc team-member\"\r\n\tid=\"norebro-custom-69e5f82deab94\"\r\n\t\t>\r\n\r\n\t<div class=\"image-wrap\">\r\n\t\t\t\t\t<img decoding=\"async\" src=\"https:\/\/bioscellnuevo.bioscell.cl\/wp-content\/uploads\/2020\/01\/cahin.jpg\" alt=\"Andr\u00e9s Chahin (Santiago, Chile)\">\r\n\t\t\t\t<div class=\"overlay\">\r\n\t\t\t<div class=\"content-center\">\r\n\t\t\t\t<div class=\"wrap\">\r\n\t\t\t\t\t\t\t\t\t\t<div class=\"socialbar small default\">\r\n\t\t\t\t\t\t\t\t\t\t\t\t\t\t\t\t\t\t\t\t\t\t\t\t\t\t\t\t\t\t\t\t\t\t\t\t\t\t\t\t\t\t\t\t\t\t\t\t\t\t\t\t\t<\/div>\r\n\r\n\t\t\t\t\t\t\t\t\t<\/div>\r\n\t\t\t<\/div>\r\n\t\t<\/div>\r\n\t<\/div>\r\n\r\n\t<h3 class=\"title\">Andr\u00e9s Chahin (Santiago, Chile)<\/h3>\r\n\t<p class=\"subtitle small uppercase\">M\u00e9dico Cirujano de Columna.<\/p>\r\n\t\t\t<p class=\"description\">Obtuvo su t\u00edtulo de cirujano en la Universidad Militar Nueva Granada de Bogot\u00e1, Colombia, tambi\u00e9n obtuvo su especialidad en traumatolog\u00eda. Con mas de 20 a\u00f1os de experiencia en la industria de la salud. Andr\u00e9s Chahin es actualmente cofundador y director de Bioscell for Life.<\/p>\r\n\t\r\n<\/div>\r\n<div class=\"vc_empty_space  vc_hidden-xs\"   style=\"height: 40px\"><span class=\"vc_empty_space_inner\"><\/span><\/div><\/div><\/div><\/div><div class=\"wpb_column vc_column_container vc_col-sm-3\"><div class=\"vc_column-inner\"><div class=\"wpb_wrapper\"><\/div><\/div><\/div><div class=\"wpb_column vc_column_container vc_col-sm-3\"><div class=\"vc_column-inner\"><div class=\"wpb_wrapper\"><\/div><\/div><\/div><div class=\"wpb_column vc_column_container vc_col-sm-3\"><div class=\"vc_column-inner\"><div class=\"wpb_wrapper\"><\/div><\/div><\/div><\/div><div class=\"vc_empty_space  norebro-phone-space\"   style=\"height: 60px\"><span class=\"vc_empty_space_inner\"><\/span><\/div><div class=\"vc_row wpb_row vc_inner vc_row-fluid vc_row-o-equal-height vc_row-flex\"><div class=\"wpb_column vc_column_container vc_col-sm-3\"><div class=\"vc_column-inner\"><div class=\"wpb_wrapper\"><div class=\"norebro-team-member-sc team-member\"\r\n\tid=\"norebro-custom-69e5f82deb72a\"\r\n\t\t>\r\n\r\n\t<div class=\"image-wrap\">\r\n\t\t\t\t\t<img decoding=\"async\" src=\"https:\/\/bioscellnuevo.bioscell.cl\/wp-content\/uploads\/2020\/01\/clemente_ibarra.jpg\" alt=\"Clemente Ibarra (Ciudad de M\u00e9xico, Mexico)\">\r\n\t\t\t\t<div class=\"overlay\">\r\n\t\t\t<div class=\"content-center\">\r\n\t\t\t\t<div class=\"wrap\">\r\n\t\t\t\t\t\t\t\t\t\t<div class=\"socialbar small default\">\r\n\t\t\t\t\t\t\t\t\t\t\t\t\t\t\t\t\t\t\t\t\t\t\t\t\t\t\t\t\t\t\t\t\t\t\t\t\t\t\t\t\t\t\t\t\t\t\t\t\t\t\t\t\t<\/div>\r\n\r\n\t\t\t\t\t\t\t\t\t<\/div>\r\n\t\t\t<\/div>\r\n\t\t<\/div>\r\n\t<\/div>\r\n\r\n\t<h3 class=\"title\">Clemente Ibarra (Ciudad de M\u00e9xico, Mexico)<\/h3>\r\n\t<p class=\"subtitle small uppercase\">Director general del Instituto Nacional de Rehabilitaci\u00f3n Luis Guillermo Ibarra Ibarra en Ciudad de M\u00e9xico.<\/p>\r\n\t\t\t<p class=\"description\">Ex Jefe de la Divisi\u00f3n de Orthopedic Sport Medicine and Arthroscopy y Tissue Engineering Cell Therapy y Regenerative Unit en INRLGII. M.D. y Cirug\u00eda Ortop\u00e9dica Universidad Nacional Aut\u00f3noma de M\u00e9xico. Becas en Harvard y el Hospital para Cirug\u00eda Especial. PhD Instituto Polit\u00e9cnico Nacional de M\u00e9xico (Instituto Polit\u00e9cnico Nacional).<\/p>\r\n\t\r\n<\/div>\r\n<div class=\"vc_empty_space  vc_hidden-xs\"   style=\"height: 40px\"><span class=\"vc_empty_space_inner\"><\/span><\/div><\/div><\/div><\/div><div class=\"wpb_column vc_column_container vc_col-sm-3\"><div class=\"vc_column-inner\"><div class=\"wpb_wrapper\"><div class=\"norebro-team-member-sc team-member\"\r\n\tid=\"norebro-custom-69e5f82debd97\"\r\n\t\t>\r\n\r\n\t<div class=\"image-wrap\">\r\n\t\t\t\t\t<img decoding=\"async\" src=\"https:\/\/bioscellnuevo.bioscell.cl\/wp-content\/uploads\/2020\/01\/annaguance.jpg\" alt=\"Anna Guanche (Los Angeles, California, EE.UU).\">\r\n\t\t\t\t<div class=\"overlay\">\r\n\t\t\t<div class=\"content-center\">\r\n\t\t\t\t<div class=\"wrap\">\r\n\t\t\t\t\t\t\t\t\t\t<div class=\"socialbar small default\">\r\n\t\t\t\t\t\t\t\t\t\t\t\t\t\t\t\t\t\t\t\t\t\t\t\t\t\t\t\t\t\t\t\t\t\t\t\t\t\t\t\t\t\t\t\t\t\t\t\t\t\t\t\t\t<\/div>\r\n\r\n\t\t\t\t\t\t\t\t\t<\/div>\r\n\t\t\t<\/div>\r\n\t\t<\/div>\r\n\t<\/div>\r\n\r\n\t<h3 class=\"title\">Anna Guanche (Los Angeles, California, EE.UU).<\/h3>\r\n\t<p class=\"subtitle small uppercase\">M\u00e9dico Cirujano, especialista en dermat\u00f3logia. Con mas de 10 a\u00f1os de experiencia.<\/p>\r\n\t\t\t<p class=\"description\">Actualmente trabaja en Bella Skin Institute en Calabasas, California. Miembro de UCLA Medical Center, as\u00ed como instructora cl\u00ednica de la Escuela de Medicina David Geffen de UCLA.<\/p>\r\n\t\r\n<\/div>\r\n<\/div><\/div><\/div><div class=\"wpb_column vc_column_container vc_col-sm-3\"><div class=\"vc_column-inner\"><div class=\"wpb_wrapper\"><div class=\"norebro-team-member-sc team-member\"\r\n\tid=\"norebro-custom-69e5f82dec384\"\r\n\t\t>\r\n\r\n\t<div class=\"image-wrap\">\r\n\t\t\t\t\t<img decoding=\"async\" src=\"https:\/\/bioscellnuevo.bioscell.cl\/wp-content\/uploads\/2020\/01\/rodrigo_mardones.jpg\" alt=\"Rodrigo Mardones (Santiago, Chile)\">\r\n\t\t\t\t<div class=\"overlay\">\r\n\t\t\t<div class=\"content-center\">\r\n\t\t\t\t<div class=\"wrap\">\r\n\t\t\t\t\t\t\t\t\t\t<div class=\"socialbar small default\">\r\n\t\t\t\t\t\t\t\t\t\t\t\t\t\t\t\t\t\t\t\t\t\t\t\t\t\t\t\t\t\t\t\t\t\t\t\t\t\t\t\t\t\t\t\t\t\t\t\t\t\t\t\t\t<\/div>\r\n\r\n\t\t\t\t\t\t\t\t\t<\/div>\r\n\t\t\t<\/div>\r\n\t\t<\/div>\r\n\t<\/div>\r\n\r\n\t<h3 class=\"title\">Rodrigo Mardones (Santiago, Chile)<\/h3>\r\n\t<p class=\"subtitle small uppercase\">Cirujano de cadera. M\u00e9dico Cirujano de la Universidad de Chile, especialista en traumatolog\u00eda.<\/p>\r\n\t\t\t<p class=\"description\">Obtuvo su t\u00edtulo m\u00e9dico en Cirug\u00eda Reconstructiva Articular en la Cl\u00ednica Mayo (Rochester, MN). Realiz\u00f3 una investigaci\u00f3n en el centro de ingenier\u00eda de tejidos en Clinica Mayo. Con mas de 16 a\u00f1os de experiencia en la industria de la salud. Tiene l\u00edneas de investigaci\u00f3n y desarrollo en el uso de MSC (c\u00e9lulas madre) en la terapia celular durante m\u00e1s de 15 a\u00f1os. Tiene m\u00e1s de 50 publicaciones de revisi\u00f3n por pares y m\u00e1s de 50 conferencias internacionales. Actualmente, es el Director del Centro de Terapia Celular de Cl\u00ednica Las Condes y ha recibido dos proyectos CORFO de tecnolog\u00eda sofisticada para ese laboratorio. Ex presidente de la Sociedad de Cadera Chilena y la Sociedad Chilena de Medicina del Deporte. Secretario de la Sociedad Internacional de Artroscopia de Cadera y Cirug\u00eda de preservaci\u00f3n (ISHA), adem\u00e1s de ser miembro de otras 10 sociedades cient\u00edficas internacionales.<\/p>\r\n\t\r\n<\/div>\r\n<div class=\"vc_empty_space\"   style=\"height: 40px\"><span class=\"vc_empty_space_inner\"><\/span><\/div><\/div><\/div><\/div><div class=\"wpb_column vc_column_container vc_col-sm-3\"><div class=\"vc_column-inner\"><div class=\"wpb_wrapper\"><div class=\"norebro-team-member-sc team-member\"\r\n\tid=\"norebro-custom-69e5f82dec9e5\"\r\n\t\t>\r\n\r\n\t<div class=\"image-wrap\">\r\n\t\t\t\t\t<img decoding=\"async\" src=\"https:\/\/bioscellnuevo.bioscell.cl\/wp-content\/uploads\/2020\/01\/camargo.jpg\" alt=\"Fernando Camargo (Boston, Massachusetts, EE. UU.)\">\r\n\t\t\t\t<div class=\"overlay\">\r\n\t\t\t<div class=\"content-center\">\r\n\t\t\t\t<div class=\"wrap\">\r\n\t\t\t\t\t\t\t\t\t\t<div class=\"socialbar small default\">\r\n\t\t\t\t\t\t\t\t\t\t\t\t\t\t\t\t\t\t\t\t\t\t\t\t\t\t\t\t\t\t\t\t\t\t\t\t\t\t\t\t\t\t\t\t\t\t\t\t\t\t\t\t\t<\/div>\r\n\r\n\t\t\t\t\t\t\t\t\t<\/div>\r\n\t\t\t<\/div>\r\n\t\t<\/div>\r\n\t<\/div>\r\n\r\n\t<h3 class=\"title\">Fernando Camargo (Boston, Massachusetts, EE. UU.)<\/h3>\r\n\t<p class=\"subtitle small uppercase\">Profesor a cargo del Programa de c\u00e9lulas madre en Boston Children's Hospital<\/p>\r\n\t\t\t<p class=\"description\">Departamento de C\u00e9lulas Madre y Biolog\u00eda Regenerativa, Universidad de Harvard.<\/p>\r\n\t\r\n<\/div>\r\n<div class=\"vc_empty_space\"   style=\"height: 40px\"><span class=\"vc_empty_space_inner\"><\/span><\/div><\/div><\/div><\/div><\/div><\/div><\/div><\/div><div class=\"wpb_column vc_column_container vc_col-sm-2\"><div class=\"vc_column-inner\"><div class=\"wpb_wrapper\"><\/div><\/div><\/div><\/div><div class=\"vc_row-full-width vc_clearfix\"><\/div>","protected":false},"excerpt":{"rendered":"Miembros del Directorio Internacional de BFL El directorio internacional de BFL est\u00e1 conformado por...","protected":false},"author":2,"featured_media":0,"parent":0,"menu_order":0,"comment_status":"closed","ping_status":"closed","template":"","meta":{"_mi_skip_tracking":false,"_monsterinsights_sitenote_active":false,"_monsterinsights_sitenote_note":"","_monsterinsights_sitenote_category":0,"footnotes":""},"class_list":["post-7","page","type-page","status-publish","hentry"],"_links":{"self":[{"href":"https:\/\/bioscellnuevo.bioscell.cl\/en\/wp-json\/wp\/v2\/pages\/7","targetHints":{"allow":["GET"]}}],"collection":[{"href":"https:\/\/bioscellnuevo.bioscell.cl\/en\/wp-json\/wp\/v2\/pages"}],"about":[{"href":"https:\/\/bioscellnuevo.bioscell.cl\/en\/wp-json\/wp\/v2\/types\/page"}],"author":[{"embeddable":true,"href":"https:\/\/bioscellnuevo.bioscell.cl\/en\/wp-json\/wp\/v2\/users\/2"}],"replies":[{"embeddable":true,"href":"https:\/\/bioscellnuevo.bioscell.cl\/en\/wp-json\/wp\/v2\/comments?post=7"}],"version-history":[{"count":5,"href":"https:\/\/bioscellnuevo.bioscell.cl\/en\/wp-json\/wp\/v2\/pages\/7\/revisions"}],"predecessor-version":[{"id":5665468,"href":"https:\/\/bioscellnuevo.bioscell.cl\/en\/wp-json\/wp\/v2\/pages\/7\/revisions\/5665468"}],"wp:attachment":[{"href":"https:\/\/bioscellnuevo.bioscell.cl\/en\/wp-json\/wp\/v2\/media?parent=7"}],"curies":[{"name":"wp","href":"https:\/\/api.w.org\/{rel}","templated":true}]}}