{"id":5665095,"date":"2018-09-25T00:54:31","date_gmt":"2018-09-25T05:54:31","guid":{"rendered":"http:\/\/wp.bioscell.cl\/?page_id=5665095"},"modified":"2020-11-23T15:28:44","modified_gmt":"2020-11-23T20:28:44","slug":"celulas-madre","status":"publish","type":"page","link":"https:\/\/bioscellnuevo.bioscell.cl\/en\/celulas-madre\/","title":{"rendered":"Stem Cells"},"content":{"rendered":"<div data-vc-full-width=\"true\" data-vc-full-width-init=\"false\" data-vc-stretch-content=\"true\" class=\"vc_row wpb_row vc_row-fluid\"><div class=\"wpb_column vc_column_container vc_col-sm-12\"><div class=\"vc_column-inner\"><div class=\"wpb_wrapper\">\n\t<div  class=\"wpb_single_image wpb_content_element vc_align_center\">\n\t\t\n\t\t<figure class=\"wpb_wrapper vc_figure\">\n\t\t\t<div class=\"vc_single_image-wrapper   vc_box_border_grey\"><img loading=\"lazy\" decoding=\"async\" width=\"1920\" height=\"588\" src=\"https:\/\/bioscellnuevo.bioscell.cl\/wp-content\/uploads\/2019\/10\/002.jpg\" class=\"vc_single_image-img attachment-full\" alt=\"\" srcset=\"https:\/\/bioscellnuevo.bioscell.cl\/wp-content\/uploads\/2019\/10\/002.jpg 1920w, https:\/\/bioscellnuevo.bioscell.cl\/wp-content\/uploads\/2019\/10\/002-300x92.jpg 300w, https:\/\/bioscellnuevo.bioscell.cl\/wp-content\/uploads\/2019\/10\/002-768x235.jpg 768w, https:\/\/bioscellnuevo.bioscell.cl\/wp-content\/uploads\/2019\/10\/002-1024x314.jpg 1024w\" sizes=\"auto, (max-width: 1920px) 100vw, 1920px\" \/><\/div>\n\t\t<\/figure>\n\t<\/div>\n<\/div><\/div><\/div><\/div><div class=\"vc_row-full-width vc_clearfix\"><\/div><div class=\"vc_row wpb_row vc_row-fluid\"><div class=\"wpb_column vc_column_container vc_col-sm-12\"><div class=\"vc_column-inner\"><div class=\"wpb_wrapper\"><div class=\"norebro-text-sc\" \r\n\tid=\"norebro-custom-69dedf0e419a3\" \r\n\t \r\n\t>\r\n\r\n\t<h1 style=\"text-align: center;\">\u00bfWHAT ARE STEM CELLS?<\/h1>\n\t\r\n<\/div><\/div><\/div><\/div><\/div><div class=\"vc_row wpb_row vc_row-fluid\"><div class=\"wpb_column vc_column_container vc_col-sm-12\"><div class=\"vc_column-inner\"><div class=\"wpb_wrapper\"><div class=\"norebro-text-sc\" \r\n\tid=\"norebro-custom-69dedf0e41db3\" \r\n\t \r\n\t>\r\n\r\n\t<p class=\"rtecenter\" style=\"text-align: center;\"><span style=\"font-weight: 400;\">Stem cells are a specific type of cells available in several tissues of living multicellular organisms. They possess the ability to differentiate into specialized cell types and are found in our body at low numbers, but they have the capacity to increase their number to regenerate our bodies during our entire life. BFL takes advantage of this natural property and uses it at the laboratory, to multiply the cells in order to cryopreserve a high number of stem cells, because cell therapies require large numbers of cells.<\/span><\/p>\n<p class=\"rtecenter\" style=\"text-align: center;\"><span style=\"font-weight: 400;\">In our laboratory, we cryopreserve two different types of stem cells: Mesenchymal Stem Cells (MSCs) and Hematopoietic Stem Cells (HSCs). Each type comes from a different source and has a different potential use, which are summarized below:<\/span><\/p>\n\t\r\n<\/div>\n\t<div  class=\"wpb_single_image wpb_content_element vc_align_center  vc_custom_1539315074222  imagen_circular\">\n\t\t\n\t\t<figure class=\"wpb_wrapper vc_figure\">\n\t\t\t<div class=\"vc_single_image-wrapper   vc_box_border_grey\"><img loading=\"lazy\" decoding=\"async\" width=\"1024\" height=\"598\" src=\"https:\/\/bioscellnuevo.bioscell.cl\/wp-content\/uploads\/2018\/09\/mapa_bioscell.png\" class=\"vc_single_image-img attachment-full\" alt=\"\" srcset=\"https:\/\/bioscellnuevo.bioscell.cl\/wp-content\/uploads\/2018\/09\/mapa_bioscell.png 1024w, https:\/\/bioscellnuevo.bioscell.cl\/wp-content\/uploads\/2018\/09\/mapa_bioscell-300x175.png 300w, https:\/\/bioscellnuevo.bioscell.cl\/wp-content\/uploads\/2018\/09\/mapa_bioscell-768x449.png 768w\" sizes=\"auto, (max-width: 1024px) 100vw, 1024px\" \/><\/div>\n\t\t<\/figure>\n\t<\/div>\n<div class=\"vc_empty_space\"   style=\"height: 32px\"><span class=\"vc_empty_space_inner\"><\/span><\/div><\/div><\/div><\/div><\/div><div class=\"vc_row wpb_row vc_row-fluid vc_row-o-equal-height vc_row-o-content-top vc_row-flex\"><div class=\"wpb_column vc_column_container vc_col-sm-4\"><div class=\"vc_column-inner\"><div class=\"wpb_wrapper\">\n\t<div class=\"wpb_text_column wpb_content_element\" >\n\t\t<div class=\"wpb_wrapper\">\n\t\t\t<h3>Contact us!<\/h3>\n<p><strong>Our office:<\/strong><\/p>\n<p><a href=\"tel:+56229294776\">\u00a0(2)29294776<\/a><\/p>\n<p><strong>Laboratory:<\/strong><\/p>\n<p><a href=\"tel:+56229294776\">\u00a0(2)29294776<\/a><\/p>\n<p><strong>Email:<\/strong><br \/>\n<a href=\"mailto:contacto@bioscell.cl\">\u00a0contacto@bioscell.cl<\/a><\/p>\n<p><strong>Laboratory and bank address:<\/strong><\/p>\n<p>Avenida Las Condes #11.283 Torre B, Oficina 303<\/p>\n\n\t\t<\/div>\n\t<\/div>\n<\/div><\/div><\/div><div class=\"wpb_column vc_column_container vc_col-sm-8\"><div class=\"vc_column-inner\"><div class=\"wpb_wrapper\"><div class=\"norebro-contact-from-sc contact-form  text-left\"\r\n\tid=\"norebro-custom-69dedf0e42b87\" \r\n\t \r\n\t>\r\n\r\n\t\n<div class=\"wpcf7 no-js\" id=\"wpcf7-f4-o1\" lang=\"en-US\" dir=\"ltr\">\n<div class=\"screen-reader-response\"><p role=\"status\" aria-live=\"polite\" aria-atomic=\"true\"><\/p> <ul><\/ul><\/div>\n<form action=\"\/en\/wp-json\/wp\/v2\/pages\/5665095#wpcf7-f4-o1\" method=\"post\" class=\"wpcf7-form init\" aria-label=\"Contact form\" novalidate=\"novalidate\" data-status=\"init\" data-trp-original-action=\"\/en\/wp-json\/wp\/v2\/pages\/5665095#wpcf7-f4-o1\">\n<div style=\"display: none;\">\n<input type=\"hidden\" name=\"_wpcf7\" value=\"4\" \/>\n<input type=\"hidden\" name=\"_wpcf7_version\" value=\"5.8\" \/>\n<input type=\"hidden\" name=\"_wpcf7_locale\" value=\"en_US\" \/>\n<input type=\"hidden\" name=\"_wpcf7_unit_tag\" value=\"wpcf7-f4-o1\" \/>\n<input type=\"hidden\" name=\"_wpcf7_container_post\" value=\"0\" \/>\n<input type=\"hidden\" name=\"_wpcf7_posted_data_hash\" value=\"\" \/>\n<input type=\"hidden\" name=\"_wpcf7_recaptcha_response\" value=\"\" \/>\n<\/div>\n<table>\n\t<tbody>\n\t\t<tr>\n\t\t\t<td>\n\t\t\t\t<p><span class=\"wpcf7-form-control-wrap\" data-name=\"nombre\"><input size=\"40\" class=\"wpcf7-form-control wpcf7-text wpcf7-validates-as-required\" aria-required=\"true\" aria-invalid=\"false\" placeholder=\"Full Name\" value=\"\" type=\"text\" name=\"nombre\" \/><\/span>\n\t\t\t\t<\/p>\n\t\t\t<\/td>\n\t\t\t<td>\n\t\t\t\t<p><span class=\"wpcf7-form-control-wrap\" data-name=\"rut\"><input size=\"40\" class=\"wpcf7-form-control wpcf7-text wpcf7-validates-as-required\" aria-required=\"true\" aria-invalid=\"false\" placeholder=\"ID\" value=\"\" type=\"text\" name=\"rut\" \/><\/span>\n\t\t\t\t<\/p>\n\t\t\t<\/td>\n\t\t<\/tr>\n\t\t<tr>\n\t\t\t<td>\n\t\t\t\t<p><span class=\"wpcf7-form-control-wrap\" data-name=\"email\"><input size=\"40\" class=\"wpcf7-form-control wpcf7-email wpcf7-validates-as-required wpcf7-text wpcf7-validates-as-email\" aria-required=\"true\" aria-invalid=\"false\" placeholder=\"Email\" value=\"\" type=\"email\" name=\"email\" \/><\/span>\n\t\t\t\t<\/p>\n\t\t\t<\/td>\n\t\t\t<td>\n\t\t\t\t<p><span class=\"wpcf7-form-control-wrap\" data-name=\"telefono\"><input size=\"40\" class=\"wpcf7-form-control wpcf7-tel wpcf7-validates-as-required wpcf7-text wpcf7-validates-as-tel\" aria-required=\"true\" aria-invalid=\"false\" placeholder=\"Telephone Number\" value=\"\" type=\"tel\" name=\"telefono\" \/><\/span>\n\t\t\t\t<\/p>\n\t\t\t<\/td>\n\t\t<\/tr>\n\t\t<tr>\n\t\t\t<td>\n\t\t\t\t<p><span class=\"wpcf7-form-control-wrap\" data-name=\"ciudad\"><input size=\"40\" class=\"wpcf7-form-control wpcf7-text wpcf7-validates-as-required\" aria-required=\"true\" aria-invalid=\"false\" placeholder=\"City\" value=\"\" type=\"text\" name=\"ciudad\" \/><\/span>\n\t\t\t\t<\/p>\n\t\t\t<\/td>\n\t\t\t<td>\n\t\t\t\t<p><span class=\"wpcf7-form-control-wrap\" data-name=\"MotivodeConsulta\"><select class=\"wpcf7-form-control wpcf7-select wpcf7-validates-as-required\" aria-required=\"true\" aria-invalid=\"false\" name=\"MotivodeConsulta\"><option value=\"- Motivo de Consulta -\">Question<\/option><option value=\"Tejido Cord\u00f3n\">Umbilical cord<\/option><option value=\"Tejido Adiposo\">Adipose tissue<\/option><option value=\"M\u00e9dula \u00f3sea\">Bone marrow<\/option><option value=\"Pulpa Dental\">Dental Pulp<\/option><option value=\"Otro\">Other<\/option><\/select><\/span>\n\t\t\t\t<\/p>\n\t\t\t<\/td>\n\t\t<\/tr>\n\t\t<tr>\n\t\t\t<td colspan=\"2\">\n\t\t\t\t<p><span class=\"wpcf7-form-control-wrap\" data-name=\"mensaje\"><textarea cols=\"40\" rows=\"10\" class=\"wpcf7-form-control wpcf7-textarea\" aria-invalid=\"false\" placeholder=\"Your Message\" name=\"mensaje\"><\/textarea><\/span>\n\t\t\t\t<\/p>\n\t\t\t<\/td>\n\t\t<\/tr>\n\t\t<tr>\n\t\t\t<td colspan=\"2\">\n\t\t\t\t<p><input class=\"wpcf7-form-control wpcf7-submit has-spinner\" type=\"submit\" value=\"Send\" \/>\n\t\t\t\t<\/p>\n\t\t\t<\/td>\n\t\t<\/tr>\n\t<\/tbody>\n<\/table><div class=\"wpcf7-response-output\" aria-hidden=\"true\"><\/div>\n<input type=\"hidden\" name=\"trp-form-language\" value=\"en\"\/><\/form>\n<\/div>\n\r\n\t<div class=\"hidden\" data-contact-btn=\"true\">\r\n\t\t<button class=\"btn  btn-brand\">\r\n\t\t\t<span class=\"btn-load\"><\/span>\r\n\t\t\t<span class=\"text\"><\/span>\r\n\t\t<\/button>\r\n\t<\/div>\r\n<\/div><\/div><\/div><\/div><\/div>","protected":false},"excerpt":{"rendered":"\u00bfQu\u00e9 son las c\u00e9lulas madre? Las c\u00e9lulas madre son c\u00e9lulas que se encuentran en...","protected":false},"author":2,"featured_media":0,"parent":0,"menu_order":0,"comment_status":"closed","ping_status":"closed","template":"","meta":{"_mi_skip_tracking":false,"_monsterinsights_sitenote_active":false,"_monsterinsights_sitenote_note":"","_monsterinsights_sitenote_category":0,"footnotes":""},"class_list":["post-5665095","page","type-page","status-publish","hentry"],"_links":{"self":[{"href":"https:\/\/bioscellnuevo.bioscell.cl\/en\/wp-json\/wp\/v2\/pages\/5665095","targetHints":{"allow":["GET"]}}],"collection":[{"href":"https:\/\/bioscellnuevo.bioscell.cl\/en\/wp-json\/wp\/v2\/pages"}],"about":[{"href":"https:\/\/bioscellnuevo.bioscell.cl\/en\/wp-json\/wp\/v2\/types\/page"}],"author":[{"embeddable":true,"href":"https:\/\/bioscellnuevo.bioscell.cl\/en\/wp-json\/wp\/v2\/users\/2"}],"replies":[{"embeddable":true,"href":"https:\/\/bioscellnuevo.bioscell.cl\/en\/wp-json\/wp\/v2\/comments?post=5665095"}],"version-history":[{"count":5,"href":"https:\/\/bioscellnuevo.bioscell.cl\/en\/wp-json\/wp\/v2\/pages\/5665095\/revisions"}],"predecessor-version":[{"id":5665495,"href":"https:\/\/bioscellnuevo.bioscell.cl\/en\/wp-json\/wp\/v2\/pages\/5665095\/revisions\/5665495"}],"wp:attachment":[{"href":"https:\/\/bioscellnuevo.bioscell.cl\/en\/wp-json\/wp\/v2\/media?parent=5665095"}],"curies":[{"name":"wp","href":"https:\/\/api.w.org\/{rel}","templated":true}]}}