{"id":5665046,"date":"2017-11-22T11:00:02","date_gmt":"2017-11-22T11:00:02","guid":{"rendered":"http:\/\/norebro.colabr.io\/demo-uploads\/about-agency\/?page_id=6"},"modified":"2020-11-23T15:28:08","modified_gmt":"2020-11-23T20:28:08","slug":"quienes_somos_bioscell","status":"publish","type":"page","link":"https:\/\/bioscellnuevo.bioscell.cl\/en\/quienes_somos_bioscell\/","title":{"rendered":"About us"},"content":{"rendered":"<div class=\"vc_row wpb_row vc_row-fluid vc_row-o-equal-height vc_row-o-content-middle vc_row-flex\"><div class=\"wpb_column vc_column_container vc_col-sm-12\"><div class=\"vc_column-inner vc_custom_1539316635499\"><div class=\"wpb_wrapper\">\n\t<div  class=\"wpb_single_image wpb_content_element vc_align_center  wpb_animate_when_almost_visible wpb_fadeIn fadeIn vc_custom_1570201282000  imagen_circular\">\n\t\t\n\t\t<figure class=\"wpb_wrapper vc_figure\">\n\t\t\t<div class=\"vc_single_image-wrapper   vc_box_border_grey\"><img loading=\"lazy\" decoding=\"async\" width=\"1920\" height=\"588\" src=\"https:\/\/bioscellnuevo.bioscell.cl\/wp-content\/uploads\/2019\/10\/001.jpg\" class=\"vc_single_image-img attachment-full\" alt=\"\" srcset=\"https:\/\/bioscellnuevo.bioscell.cl\/wp-content\/uploads\/2019\/10\/001.jpg 1920w, https:\/\/bioscellnuevo.bioscell.cl\/wp-content\/uploads\/2019\/10\/001-300x92.jpg 300w, https:\/\/bioscellnuevo.bioscell.cl\/wp-content\/uploads\/2019\/10\/001-768x235.jpg 768w, https:\/\/bioscellnuevo.bioscell.cl\/wp-content\/uploads\/2019\/10\/001-1024x314.jpg 1024w\" sizes=\"auto, (max-width: 1920px) 100vw, 1920px\" \/><\/div>\n\t\t<\/figure>\n\t<\/div>\n<div class=\"norebro-heading-sc heading text-center\"\r\n\tid=\"norebro-custom-69f7066899cc5\" \r\n\t \r\n\t>\r\n\t\r\n\t\r\n\t\r\n\t<h2 class=\"title\">\r\n\t\t\u00bfQui\u00e9nes Somos?\t<\/h2>\r\n\r\n\t\r\n\t\t\r\n<\/div><div class=\"norebro-text-sc\" \r\n\tid=\"norebro-custom-69f7066899e37\" \r\n\t \r\n\t>\r\n\r\n\t<p>Fundado en 2013, somos la \u00fanica compa\u00f1\u00eda que cuenta con un Centro de Terapia Celular y el \u00fanico Banco de C\u00e9lulas Madre expandidas en Chile.<\/p>\n<p>&nbsp;<\/p>\n<p>Debido a que una terapia celular requiere varios millones de c\u00e9lulas, nos preocupamos de multiplicar las c\u00e9lulas antes de guardarlas, para garantizar una terapia exitosa. Para ello, contamos con un centro de expansi\u00f3n de MSCs, donde se preparan las terapias celulares aut\u00f3logas basadas en MSCs expandidas para el tratamiento de enfermedades degenerativas.Conformados por un equipo m\u00e9dico y cient\u00edfico de primer nivel, BFL ofrece toda la asesor\u00eda y confianza que los pacientes necesitan. El laboratorio cuenta con protocolos internos para el aislamiento de c\u00e9lulas madre mesenquimales desde los tejidos, su procesamiento, expansi\u00f3n y posterior entrega de la terapia a m\u00e9dicos y cl\u00ednicas para su aplicaci\u00f3n en pacientes.<\/p>\n<p>Junto con esto, BFL posee un banco de criopreservaci\u00f3n de c\u00e9lulas madre. En nuestro banco guardamos c\u00e9lulas madre mesenquim\u00e1ticas de m\u00e9dula \u00f3sea, tejido adiposo, pulpa dental y cord\u00f3n umbilical y adem\u00e1s, dosis de respaldo de las terapias preparadas.<br \/>\nTambi\u00e9n ofrecemos la opci\u00f3n de criopreservar c\u00e9lulas hematopoy\u00e9ticas de sangre de cord\u00f3n umbilical. Con m\u00e1s de 3000 muestras a la fecha provenientes de diversas regiones de Chile e incluso de pa\u00edses extranjeros, BFL se ha posicionado como la alternativa m\u00e1s confiable dentro del rubro de la terapia celular.<\/p>\n<p>&nbsp;<\/p>\n<p>El trabajo conjunto entre el centro de expansi\u00f3n celular, el banco de criopreservaci\u00f3n y cl\u00ednicas asociadas ha permitido entregar 380 terapias en Chile entre 2015 y 2019, las cuales han tenido una tasa de \u00e9xito de m\u00e1s del 90% e incluyen pacientes provenientes de EEUU, Bolivia, Per\u00fa, Italia e Inglaterra. BFL tambi\u00e9n comercializa kits de toma de muestra, los cuales permiten que el laboratorio reciba una muestra rica en MSCs, las cuales luego son utilizadas para preparar la terapia aut\u00f3loga.<\/p>\n<p>&nbsp;<\/p>\n<p>BFL posee un directorio internacional conformado por m\u00e9dicos referentes de EEUU, M\u00e9xico, Inglaterra, Italia y por supuesto Chile, quienes colaboran compartiendo informaci\u00f3n m\u00e9dica\/cient\u00edfica y adem\u00e1s, supervisando que los procedimientos BFL sean de est\u00e1ndares internacionales.<\/p>\n\t\r\n<\/div><\/div><\/div><\/div><\/div><div class=\"vc_row wpb_row vc_row-fluid vc_row-o-equal-height vc_row-o-content-top vc_row-flex\"><div class=\"wpb_column vc_column_container vc_col-sm-4\"><div class=\"vc_column-inner\"><div class=\"wpb_wrapper\">\n\t<div class=\"wpb_text_column wpb_content_element\" >\n\t\t<div class=\"wpb_wrapper\">\n\t\t\t<h3>Contact us!<\/h3>\n<p><strong>Our office:<\/strong><\/p>\n<p><a href=\"tel:+56229294776\">\u00a0(2)29294776<\/a><\/p>\n<p><strong>Laboratory:<\/strong><\/p>\n<p><a href=\"tel:+56229294776\">\u00a0(2)29294776<\/a><\/p>\n<p><strong>Email:<\/strong><br \/>\n<a href=\"mailto:contacto@bioscell.cl\">\u00a0contacto@bioscell.cl<\/a><\/p>\n<p><strong>Laboratory and bank address:<\/strong><\/p>\n<p>Avenida Las Condes #11.283 Torre B, Oficina 303<\/p>\n\n\t\t<\/div>\n\t<\/div>\n<\/div><\/div><\/div><div class=\"wpb_column vc_column_container vc_col-sm-8\"><div class=\"vc_column-inner\"><div class=\"wpb_wrapper\"><div class=\"norebro-contact-from-sc contact-form  text-left\"\r\n\tid=\"norebro-custom-69f706689a62c\" \r\n\t \r\n\t>\r\n\r\n\t\n<div class=\"wpcf7 no-js\" id=\"wpcf7-f4-o1\" lang=\"en-US\" dir=\"ltr\">\n<div class=\"screen-reader-response\"><p role=\"status\" aria-live=\"polite\" aria-atomic=\"true\"><\/p> <ul><\/ul><\/div>\n<form action=\"\/en\/wp-json\/wp\/v2\/pages\/5665046#wpcf7-f4-o1\" method=\"post\" class=\"wpcf7-form init\" aria-label=\"Contact form\" novalidate=\"novalidate\" data-status=\"init\" data-trp-original-action=\"\/en\/wp-json\/wp\/v2\/pages\/5665046#wpcf7-f4-o1\">\n<div style=\"display: none;\">\n<input type=\"hidden\" name=\"_wpcf7\" value=\"4\" \/>\n<input type=\"hidden\" name=\"_wpcf7_version\" value=\"5.8\" \/>\n<input type=\"hidden\" name=\"_wpcf7_locale\" value=\"en_US\" \/>\n<input type=\"hidden\" name=\"_wpcf7_unit_tag\" value=\"wpcf7-f4-o1\" \/>\n<input type=\"hidden\" name=\"_wpcf7_container_post\" value=\"0\" \/>\n<input type=\"hidden\" name=\"_wpcf7_posted_data_hash\" value=\"\" \/>\n<input type=\"hidden\" name=\"_wpcf7_recaptcha_response\" value=\"\" \/>\n<\/div>\n<table>\n\t<tbody>\n\t\t<tr>\n\t\t\t<td>\n\t\t\t\t<p><span class=\"wpcf7-form-control-wrap\" data-name=\"nombre\"><input size=\"40\" class=\"wpcf7-form-control wpcf7-text wpcf7-validates-as-required\" aria-required=\"true\" aria-invalid=\"false\" placeholder=\"Full Name\" value=\"\" type=\"text\" name=\"nombre\" \/><\/span>\n\t\t\t\t<\/p>\n\t\t\t<\/td>\n\t\t\t<td>\n\t\t\t\t<p><span class=\"wpcf7-form-control-wrap\" data-name=\"rut\"><input size=\"40\" class=\"wpcf7-form-control wpcf7-text wpcf7-validates-as-required\" aria-required=\"true\" aria-invalid=\"false\" placeholder=\"ID\" value=\"\" type=\"text\" name=\"rut\" \/><\/span>\n\t\t\t\t<\/p>\n\t\t\t<\/td>\n\t\t<\/tr>\n\t\t<tr>\n\t\t\t<td>\n\t\t\t\t<p><span class=\"wpcf7-form-control-wrap\" data-name=\"email\"><input size=\"40\" class=\"wpcf7-form-control wpcf7-email wpcf7-validates-as-required wpcf7-text wpcf7-validates-as-email\" aria-required=\"true\" aria-invalid=\"false\" placeholder=\"Email\" value=\"\" type=\"email\" name=\"email\" \/><\/span>\n\t\t\t\t<\/p>\n\t\t\t<\/td>\n\t\t\t<td>\n\t\t\t\t<p><span class=\"wpcf7-form-control-wrap\" data-name=\"telefono\"><input size=\"40\" class=\"wpcf7-form-control wpcf7-tel wpcf7-validates-as-required wpcf7-text wpcf7-validates-as-tel\" aria-required=\"true\" aria-invalid=\"false\" placeholder=\"Telephone Number\" value=\"\" type=\"tel\" name=\"telefono\" \/><\/span>\n\t\t\t\t<\/p>\n\t\t\t<\/td>\n\t\t<\/tr>\n\t\t<tr>\n\t\t\t<td>\n\t\t\t\t<p><span class=\"wpcf7-form-control-wrap\" data-name=\"ciudad\"><input size=\"40\" class=\"wpcf7-form-control wpcf7-text wpcf7-validates-as-required\" aria-required=\"true\" aria-invalid=\"false\" placeholder=\"City\" value=\"\" type=\"text\" name=\"ciudad\" \/><\/span>\n\t\t\t\t<\/p>\n\t\t\t<\/td>\n\t\t\t<td>\n\t\t\t\t<p><span class=\"wpcf7-form-control-wrap\" data-name=\"MotivodeConsulta\"><select class=\"wpcf7-form-control wpcf7-select wpcf7-validates-as-required\" aria-required=\"true\" aria-invalid=\"false\" name=\"MotivodeConsulta\"><option value=\"- Motivo de Consulta -\">Question<\/option><option value=\"Tejido Cord\u00f3n\">Umbilical cord<\/option><option value=\"Tejido Adiposo\">Adipose tissue<\/option><option value=\"M\u00e9dula \u00f3sea\">Bone marrow<\/option><option value=\"Pulpa Dental\">Dental Pulp<\/option><option value=\"Otro\">Other<\/option><\/select><\/span>\n\t\t\t\t<\/p>\n\t\t\t<\/td>\n\t\t<\/tr>\n\t\t<tr>\n\t\t\t<td colspan=\"2\">\n\t\t\t\t<p><span class=\"wpcf7-form-control-wrap\" data-name=\"mensaje\"><textarea cols=\"40\" rows=\"10\" class=\"wpcf7-form-control wpcf7-textarea\" aria-invalid=\"false\" placeholder=\"Your Message\" name=\"mensaje\"><\/textarea><\/span>\n\t\t\t\t<\/p>\n\t\t\t<\/td>\n\t\t<\/tr>\n\t\t<tr>\n\t\t\t<td colspan=\"2\">\n\t\t\t\t<p><input class=\"wpcf7-form-control wpcf7-submit has-spinner\" type=\"submit\" value=\"Send\" \/>\n\t\t\t\t<\/p>\n\t\t\t<\/td>\n\t\t<\/tr>\n\t<\/tbody>\n<\/table><div class=\"wpcf7-response-output\" aria-hidden=\"true\"><\/div>\n<input type=\"hidden\" name=\"trp-form-language\" value=\"en\"\/><\/form>\n<\/div>\n\r\n\t<div class=\"hidden\" data-contact-btn=\"true\">\r\n\t\t<button class=\"btn  btn-squared btn-brand\">\r\n\t\t\t<span class=\"btn-load\"><\/span>\r\n\t\t\t<span class=\"text\"><\/span>\r\n\t\t<\/button>\r\n\t<\/div>\r\n<\/div><\/div><\/div><\/div><\/div>","protected":false},"excerpt":{"rendered":"\u00bfQui\u00e9nes Somos? Fundado en 2013, somos la \u00fanica compa\u00f1\u00eda que cuenta con un Centro...","protected":false},"author":2,"featured_media":0,"parent":0,"menu_order":0,"comment_status":"closed","ping_status":"closed","template":"","meta":{"_mi_skip_tracking":false,"_monsterinsights_sitenote_active":false,"_monsterinsights_sitenote_note":"","_monsterinsights_sitenote_category":0,"footnotes":""},"class_list":["post-5665046","page","type-page","status-publish","hentry"],"_links":{"self":[{"href":"https:\/\/bioscellnuevo.bioscell.cl\/en\/wp-json\/wp\/v2\/pages\/5665046","targetHints":{"allow":["GET"]}}],"collection":[{"href":"https:\/\/bioscellnuevo.bioscell.cl\/en\/wp-json\/wp\/v2\/pages"}],"about":[{"href":"https:\/\/bioscellnuevo.bioscell.cl\/en\/wp-json\/wp\/v2\/types\/page"}],"author":[{"embeddable":true,"href":"https:\/\/bioscellnuevo.bioscell.cl\/en\/wp-json\/wp\/v2\/users\/2"}],"replies":[{"embeddable":true,"href":"https:\/\/bioscellnuevo.bioscell.cl\/en\/wp-json\/wp\/v2\/comments?post=5665046"}],"version-history":[{"count":5,"href":"https:\/\/bioscellnuevo.bioscell.cl\/en\/wp-json\/wp\/v2\/pages\/5665046\/revisions"}],"predecessor-version":[{"id":5665493,"href":"https:\/\/bioscellnuevo.bioscell.cl\/en\/wp-json\/wp\/v2\/pages\/5665046\/revisions\/5665493"}],"wp:attachment":[{"href":"https:\/\/bioscellnuevo.bioscell.cl\/en\/wp-json\/wp\/v2\/media?parent=5665046"}],"curies":[{"name":"wp","href":"https:\/\/api.w.org\/{rel}","templated":true}]}}